{"id":68,"date":"2025-02-23T12:11:55","date_gmt":"2025-02-23T11:11:55","guid":{"rendered":"http:\/\/www.vemmedrupbadminton.dk\/?page_id=68"},"modified":"2025-02-27T10:06:15","modified_gmt":"2025-02-27T09:06:15","slug":"bliv-medlem","status":"publish","type":"page","link":"http:\/\/www.vemmedrupbadminton.dk\/index.php\/bliv-medlem\/","title":{"rendered":"Bliv medlem"},"content":{"rendered":"\n<p>Nye medlemmer er altid velkommen.<\/p>\n\n\n\n<p>Det eneste det kr\u00e6ver er at du og dine makkere finder ud af hvilken banetid I \u00f8nsker. Dette ses under Ledige baner.<\/p>\n\n\n\n<p>Navn\/Navne og mailadresser sendes til info@vemmedrupbadminton.dk<\/p>\n\n\n\n<p>Derefter vil du\/i blive oprettet p\u00e5 Holdsport. dk.<\/p>\n\n\n\n<p>Er du i tvivl om hvilket hold der passer bedst, kan vi opfordre til at kigge i menuen &#8220;Hold&#8221; her ovenover.<\/p>\n\n\n\n<p>Er der ingen ledige baner, kan I blive skrevet op p\u00e5 venteliste, s\u00e5 skal vi se hvad vi kan g\u00f8re for jer.<\/p>\n\n\n\n<p>Vedt\u00e6gter mv. forefindes under menuen &#8220;<a href=\"http:\/\/www.vemmedrupbadminton.dk\/index.php\/dokumenter\/\" data-type=\"page\" data-id=\"103\">Dokumenter<\/a>&#8220;.<\/p>\n","protected":false},"excerpt":{"rendered":"<p>Nye medlemmer er altid velkommen. Det eneste det kr\u00e6ver er at du og dine makkere finder ud af hvilken banetid I \u00f8nsker. Dette ses under Ledige baner. Navn\/Navne og mailadresser sendes til info@vemmedrupbadminton.dk Derefter vil du\/i blive oprettet p\u00e5 Holdsport. &hellip; <a href=\"http:\/\/www.vemmedrupbadminton.dk\/index.php\/bliv-medlem\/\">L\u00e6s resten <span class=\"meta-nav\">&rarr;<\/span><\/a><\/p>\n","protected":false},"author":1,"featured_media":0,"parent":0,"menu_order":0,"comment_status":"closed","ping_status":"closed","template":"","meta":{"footnotes":""},"class_list":["post-68","page","type-page","status-publish","hentry"],"_links":{"self":[{"href":"http:\/\/www.vemmedrupbadminton.dk\/index.php\/wp-json\/wp\/v2\/pages\/68","targetHints":{"allow":["GET"]}}],"collection":[{"href":"http:\/\/www.vemmedrupbadminton.dk\/index.php\/wp-json\/wp\/v2\/pages"}],"about":[{"href":"http:\/\/www.vemmedrupbadminton.dk\/index.php\/wp-json\/wp\/v2\/types\/page"}],"author":[{"embeddable":true,"href":"http:\/\/www.vemmedrupbadminton.dk\/index.php\/wp-json\/wp\/v2\/users\/1"}],"replies":[{"embeddable":true,"href":"http:\/\/www.vemmedrupbadminton.dk\/index.php\/wp-json\/wp\/v2\/comments?post=68"}],"version-history":[{"count":3,"href":"http:\/\/www.vemmedrupbadminton.dk\/index.php\/wp-json\/wp\/v2\/pages\/68\/revisions"}],"predecessor-version":[{"id":178,"href":"http:\/\/www.vemmedrupbadminton.dk\/index.php\/wp-json\/wp\/v2\/pages\/68\/revisions\/178"}],"wp:attachment":[{"href":"http:\/\/www.vemmedrupbadminton.dk\/index.php\/wp-json\/wp\/v2\/media?parent=68"}],"curies":[{"name":"wp","href":"https:\/\/api.w.org\/{rel}","templated":true}]}}