{"id":64,"date":"2025-02-23T12:05:19","date_gmt":"2025-02-23T11:05:19","guid":{"rendered":"http:\/\/www.vemmedrupbadminton.dk\/?page_id=64"},"modified":"2025-02-27T10:36:52","modified_gmt":"2025-02-27T09:36:52","slug":"kontigent","status":"publish","type":"page","link":"http:\/\/www.vemmedrupbadminton.dk\/index.php\/informationer\/kontigent\/","title":{"rendered":"Kontingent"},"content":{"rendered":"\n<p>Betaling af kontingent betales via Holdsport.dk.<\/p>\n\n\n\n<p>Holdsport.dk sender mail p\u00e5 betaling.<\/p>\n\n\n\n<hr class=\"wp-block-separator has-alpha-channel-opacity\"\/>\n\n\n\n<p>Gratis pr\u00f8vetid p\u00e5 3 gange, derefter er prisen pr. person for en hel s\u00e6son:<\/p>\n\n\n\n<p><\/p>\n","protected":false},"excerpt":{"rendered":"<p>Betaling af kontingent betales via Holdsport.dk. Holdsport.dk sender mail p\u00e5 betaling. Gratis pr\u00f8vetid p\u00e5 3 gange, derefter er prisen pr. person for en hel s\u00e6son:<\/p>\n","protected":false},"author":1,"featured_media":0,"parent":62,"menu_order":0,"comment_status":"closed","ping_status":"closed","template":"","meta":{"footnotes":""},"class_list":["post-64","page","type-page","status-publish","hentry"],"_links":{"self":[{"href":"http:\/\/www.vemmedrupbadminton.dk\/index.php\/wp-json\/wp\/v2\/pages\/64","targetHints":{"allow":["GET"]}}],"collection":[{"href":"http:\/\/www.vemmedrupbadminton.dk\/index.php\/wp-json\/wp\/v2\/pages"}],"about":[{"href":"http:\/\/www.vemmedrupbadminton.dk\/index.php\/wp-json\/wp\/v2\/types\/page"}],"author":[{"embeddable":true,"href":"http:\/\/www.vemmedrupbadminton.dk\/index.php\/wp-json\/wp\/v2\/users\/1"}],"replies":[{"embeddable":true,"href":"http:\/\/www.vemmedrupbadminton.dk\/index.php\/wp-json\/wp\/v2\/comments?post=64"}],"version-history":[{"count":6,"href":"http:\/\/www.vemmedrupbadminton.dk\/index.php\/wp-json\/wp\/v2\/pages\/64\/revisions"}],"predecessor-version":[{"id":185,"href":"http:\/\/www.vemmedrupbadminton.dk\/index.php\/wp-json\/wp\/v2\/pages\/64\/revisions\/185"}],"up":[{"embeddable":true,"href":"http:\/\/www.vemmedrupbadminton.dk\/index.php\/wp-json\/wp\/v2\/pages\/62"}],"wp:attachment":[{"href":"http:\/\/www.vemmedrupbadminton.dk\/index.php\/wp-json\/wp\/v2\/media?parent=64"}],"curies":[{"name":"wp","href":"https:\/\/api.w.org\/{rel}","templated":true}]}}