{"id":58,"date":"2025-02-23T12:02:13","date_gmt":"2025-02-23T11:02:13","guid":{"rendered":"http:\/\/www.vemmedrupbadminton.dk\/?page_id=58"},"modified":"2025-02-27T10:25:40","modified_gmt":"2025-02-27T09:25:40","slug":"motionisthold","status":"publish","type":"page","link":"http:\/\/www.vemmedrupbadminton.dk\/index.php\/hold\/motionisthold\/","title":{"rendered":"Motionisthold"},"content":{"rendered":"\n<p>Let \u00f8vede og \u00f8vede.<\/p>\n\n\n\n<p>Mandag 19.15 &#8211; 20.15<\/p>\n\n\n\n<p>Nybegynder og let\u00f8vede.<\/p>\n\n\n\n<p>Onsdag 20-21<\/p>\n\n\n\n<p>Holdleder: Sille S\u00f8derblom Tlf.53504252<\/p>\n\n\n\n<p><strong>Kontingent:<\/strong> 800,- kr. pr.s\u00e6son incl. bolde<\/p>\n\n\n\n<p><\/p>\n\n\n\n<p><strong>Kontingent ikke hold: <\/strong>500,- kr. pr.s\u00e6son<\/p>\n\n\n\n<p><\/p>\n\n\n\n<p><strong>Turneringshold :<\/strong><\/p>\n\n\n\n<p>Gratis T shirt og buks med klub tryk i klubfarver.<\/p>\n\n\n\n<p>Gratis bolde ved turnerings kampe.<\/p>\n\n\n\n<p>Information herom kontakt Henrik M\u00f8ller Tlf. 28867706<\/p>\n\n\n\n<p><strong>Kontingent:<\/strong>&nbsp; 575,- kr. pr s\u00e6son<\/p>\n","protected":false},"excerpt":{"rendered":"<p>Let \u00f8vede og \u00f8vede. Mandag 19.15 &#8211; 20.15 Nybegynder og let\u00f8vede. Onsdag 20-21 Holdleder: Sille S\u00f8derblom Tlf.53504252 Kontingent: 800,- kr. pr.s\u00e6son incl. bolde Kontingent ikke hold: 500,- kr. pr.s\u00e6son Turneringshold : Gratis T shirt og buks med klub tryk i &hellip; <a href=\"http:\/\/www.vemmedrupbadminton.dk\/index.php\/hold\/motionisthold\/\">L\u00e6s resten <span class=\"meta-nav\">&rarr;<\/span><\/a><\/p>\n","protected":false},"author":1,"featured_media":0,"parent":54,"menu_order":0,"comment_status":"closed","ping_status":"closed","template":"","meta":{"footnotes":""},"class_list":["post-58","page","type-page","status-publish","hentry"],"_links":{"self":[{"href":"http:\/\/www.vemmedrupbadminton.dk\/index.php\/wp-json\/wp\/v2\/pages\/58","targetHints":{"allow":["GET"]}}],"collection":[{"href":"http:\/\/www.vemmedrupbadminton.dk\/index.php\/wp-json\/wp\/v2\/pages"}],"about":[{"href":"http:\/\/www.vemmedrupbadminton.dk\/index.php\/wp-json\/wp\/v2\/types\/page"}],"author":[{"embeddable":true,"href":"http:\/\/www.vemmedrupbadminton.dk\/index.php\/wp-json\/wp\/v2\/users\/1"}],"replies":[{"embeddable":true,"href":"http:\/\/www.vemmedrupbadminton.dk\/index.php\/wp-json\/wp\/v2\/comments?post=58"}],"version-history":[{"count":3,"href":"http:\/\/www.vemmedrupbadminton.dk\/index.php\/wp-json\/wp\/v2\/pages\/58\/revisions"}],"predecessor-version":[{"id":181,"href":"http:\/\/www.vemmedrupbadminton.dk\/index.php\/wp-json\/wp\/v2\/pages\/58\/revisions\/181"}],"up":[{"embeddable":true,"href":"http:\/\/www.vemmedrupbadminton.dk\/index.php\/wp-json\/wp\/v2\/pages\/54"}],"wp:attachment":[{"href":"http:\/\/www.vemmedrupbadminton.dk\/index.php\/wp-json\/wp\/v2\/media?parent=58"}],"curies":[{"name":"wp","href":"https:\/\/api.w.org\/{rel}","templated":true}]}}