{"id":138,"date":"2025-02-23T16:01:17","date_gmt":"2025-02-23T15:01:17","guid":{"rendered":"http:\/\/www.vemmedrupbadminton.dk\/?page_id=138"},"modified":"2025-02-23T16:02:38","modified_gmt":"2025-02-23T15:02:38","slug":"sponsoraftaler","status":"publish","type":"page","link":"http:\/\/www.vemmedrupbadminton.dk\/index.php\/informationer\/sponsoraftaler\/","title":{"rendered":"Sponsoraftaler"},"content":{"rendered":"\n<h2 class=\"wp-block-heading\"><strong><a href=\"http:\/\/www.vemmedrupbadminton.dk\/wp\/wp-content\/uploads\/2012\/08\/ok-logo-e1362770330563.jpg\"><\/a><\/strong><\/h2>\n\n\n\n<p><strong>OK Sponsoraftale<\/strong><\/p>\n\n\n\n<figure class=\"wp-block-image size-full\"><img loading=\"lazy\" decoding=\"async\" width=\"200\" height=\"82\" src=\"http:\/\/www.vemmedrupbadminton.dk\/wp-content\/uploads\/2025\/02\/ok-logo-e1362770330563.jpg\" alt=\"\" class=\"wp-image-13\"\/><\/figure>\n\n\n\n<p>Vemmedrup IF har indg\u00e5et en sponsor aftale med OK benzin, hvor f\u00f8lgende betingelser er g\u00e6ldende:<\/p>\n\n\n\n<ul class=\"wp-block-list\">\n<li>Hver gang der tegnes et nyt OK-benzinkort, og der p\u00e5 kortet er k\u00f8bt 500 ltr. benzin\/diesel, udbetales pr. kort: kr. 200 excl.moms<\/li>\n<\/ul>\n\n\n\n<p>De 500 ltr.benzin\/diesel skal k\u00f8bes indenfor \u00e9t \u00e5r fra kortets oprettelsesdato<\/p>\n\n\n\n<ul class=\"wp-block-list\">\n<li>For alle liter benzin\/diesel, der k\u00f8bes p\u00e5 kort tilknyttet aftalen, udbetales:&nbsp;6 \u00f8re\/ltr.excl.moms<\/li>\n<\/ul>\n\n\n\n<p>Dvs. at for hver gang vi f\u00e5r bestilt et nyt OK-benzinkort, og for hver liter br\u00e6ndstof du tanker ved brug af et OK-benzinkort,&nbsp;st\u00f8tter du idr\u00e6tsforeningen med 200 kr, samt&nbsp;6 \u00f8re for hver liter benzin\/diesel du tanker, uden det&nbsp;koster dig ekstra.<\/p>\n\n\n\n<p>Det eneste du skal g\u00f8re er at bestille et&nbsp;OK benzinkort hos OK-Benzin og tilknytte det sponsor aftale nr. 55 94 78, eller sende dit 16 cifrede kortnr.&nbsp;til<\/p>\n\n\n\n<p><a href=\"mailto:info@vemmedrupbadminton.dk\">info@vemmedrupbadminton.dk<\/a><\/p>\n\n\n\n<p>s\u00e5 knytter vi dit kort til sponsor aftalen.<\/p>\n","protected":false},"excerpt":{"rendered":"<p>OK Sponsoraftale Vemmedrup IF har indg\u00e5et en sponsor aftale med OK benzin, hvor f\u00f8lgende betingelser er g\u00e6ldende: De 500 ltr.benzin\/diesel skal k\u00f8bes indenfor \u00e9t \u00e5r fra kortets oprettelsesdato Dvs. at for hver gang vi f\u00e5r bestilt et nyt OK-benzinkort, og &hellip; <a href=\"http:\/\/www.vemmedrupbadminton.dk\/index.php\/informationer\/sponsoraftaler\/\">L\u00e6s resten <span class=\"meta-nav\">&rarr;<\/span><\/a><\/p>\n","protected":false},"author":1,"featured_media":0,"parent":62,"menu_order":0,"comment_status":"closed","ping_status":"closed","template":"","meta":{"footnotes":""},"class_list":["post-138","page","type-page","status-publish","hentry"],"_links":{"self":[{"href":"http:\/\/www.vemmedrupbadminton.dk\/index.php\/wp-json\/wp\/v2\/pages\/138","targetHints":{"allow":["GET"]}}],"collection":[{"href":"http:\/\/www.vemmedrupbadminton.dk\/index.php\/wp-json\/wp\/v2\/pages"}],"about":[{"href":"http:\/\/www.vemmedrupbadminton.dk\/index.php\/wp-json\/wp\/v2\/types\/page"}],"author":[{"embeddable":true,"href":"http:\/\/www.vemmedrupbadminton.dk\/index.php\/wp-json\/wp\/v2\/users\/1"}],"replies":[{"embeddable":true,"href":"http:\/\/www.vemmedrupbadminton.dk\/index.php\/wp-json\/wp\/v2\/comments?post=138"}],"version-history":[{"count":2,"href":"http:\/\/www.vemmedrupbadminton.dk\/index.php\/wp-json\/wp\/v2\/pages\/138\/revisions"}],"predecessor-version":[{"id":141,"href":"http:\/\/www.vemmedrupbadminton.dk\/index.php\/wp-json\/wp\/v2\/pages\/138\/revisions\/141"}],"up":[{"embeddable":true,"href":"http:\/\/www.vemmedrupbadminton.dk\/index.php\/wp-json\/wp\/v2\/pages\/62"}],"wp:attachment":[{"href":"http:\/\/www.vemmedrupbadminton.dk\/index.php\/wp-json\/wp\/v2\/media?parent=138"}],"curies":[{"name":"wp","href":"https:\/\/api.w.org\/{rel}","templated":true}]}}