{"id":124,"date":"2025-02-23T12:44:11","date_gmt":"2025-02-23T11:44:11","guid":{"rendered":"http:\/\/www.vemmedrupbadminton.dk\/?page_id=124"},"modified":"2025-02-23T12:44:11","modified_gmt":"2025-02-23T11:44:11","slug":"forsikring","status":"publish","type":"page","link":"http:\/\/www.vemmedrupbadminton.dk\/index.php\/informationer\/forsikring\/","title":{"rendered":"Forsikring"},"content":{"rendered":"\n<p>Af hensyn til din \u00f8konomiske sikkerhed har vi tegnet en&nbsp;Kollektiv Ulykkesforsikring&nbsp; for medlemmer. Den forsikrer dig ikke mod uheld, men hj\u00e6lper dig \u00f8konomisk, s\u00e5fremt uheldet er ude.<\/p>\n\n\n\n<p>Alle aktive medlemmer der er p\u00e5 hold med tr\u00e6ner og under konkurrence er forsikret ved opst\u00e5ede skader under badminton i klubbens regi.<\/p>\n\n\n\n<p>Vi anbefaler dog alle medlemmer at tegne en privat Fritidsulykkesforsikring.<\/p>\n\n\n\n<p>Herunder er vedh\u00e6ftet forsikringsbetingelser.<\/p>\n\n\n\n<p><a href=\"http:\/\/www.vemmedrupbadminton.dk\/wp\/wp-content\/uploads\/2023\/03\/Codan-Kollektiv-Ulykkesforsikring.pdf\">Codan &#8211; Kollektiv Ulykkesforsikring<\/a><\/p>\n","protected":false},"excerpt":{"rendered":"<p>Af hensyn til din \u00f8konomiske sikkerhed har vi tegnet en&nbsp;Kollektiv Ulykkesforsikring&nbsp; for medlemmer. Den forsikrer dig ikke mod uheld, men hj\u00e6lper dig \u00f8konomisk, s\u00e5fremt uheldet er ude. Alle aktive medlemmer der er p\u00e5 hold med tr\u00e6ner og under konkurrence er &hellip; <a href=\"http:\/\/www.vemmedrupbadminton.dk\/index.php\/informationer\/forsikring\/\">L\u00e6s resten <span class=\"meta-nav\">&rarr;<\/span><\/a><\/p>\n","protected":false},"author":1,"featured_media":0,"parent":62,"menu_order":0,"comment_status":"closed","ping_status":"closed","template":"","meta":{"footnotes":""},"class_list":["post-124","page","type-page","status-publish","hentry"],"_links":{"self":[{"href":"http:\/\/www.vemmedrupbadminton.dk\/index.php\/wp-json\/wp\/v2\/pages\/124","targetHints":{"allow":["GET"]}}],"collection":[{"href":"http:\/\/www.vemmedrupbadminton.dk\/index.php\/wp-json\/wp\/v2\/pages"}],"about":[{"href":"http:\/\/www.vemmedrupbadminton.dk\/index.php\/wp-json\/wp\/v2\/types\/page"}],"author":[{"embeddable":true,"href":"http:\/\/www.vemmedrupbadminton.dk\/index.php\/wp-json\/wp\/v2\/users\/1"}],"replies":[{"embeddable":true,"href":"http:\/\/www.vemmedrupbadminton.dk\/index.php\/wp-json\/wp\/v2\/comments?post=124"}],"version-history":[{"count":1,"href":"http:\/\/www.vemmedrupbadminton.dk\/index.php\/wp-json\/wp\/v2\/pages\/124\/revisions"}],"predecessor-version":[{"id":125,"href":"http:\/\/www.vemmedrupbadminton.dk\/index.php\/wp-json\/wp\/v2\/pages\/124\/revisions\/125"}],"up":[{"embeddable":true,"href":"http:\/\/www.vemmedrupbadminton.dk\/index.php\/wp-json\/wp\/v2\/pages\/62"}],"wp:attachment":[{"href":"http:\/\/www.vemmedrupbadminton.dk\/index.php\/wp-json\/wp\/v2\/media?parent=124"}],"curies":[{"name":"wp","href":"https:\/\/api.w.org\/{rel}","templated":true}]}}